{"id":2081,"date":"2020-08-05T17:08:55","date_gmt":"2020-08-05T21:08:55","guid":{"rendered":"https:\/\/gpsites.co\/ethos\/?page_id=2081"},"modified":"2025-01-10T08:16:31","modified_gmt":"2025-01-10T08:16:31","slug":"kontakt","status":"publish","type":"page","link":"https:\/\/lukaszmackiewicz.pl\/index.php\/kontakt\/","title":{"rendered":"Kontakt"},"content":{"rendered":"<div class=\"gb-container gb-container-22397734\">\n<div class=\"gb-container gb-container-1ccb3a1d\">\n\n<h2 class=\"gb-headline gb-headline-276caa0f gb-headline-text\">Skontaktuj si\u0119, a pomo\u017cemy Ci znale\u017a\u0107 najlepsze rozwi\u0105zanie!<\/h2>\n\n\n\n<p>Zapraszamy do kontaktu \u2013 odpowiemy na Twoje pytania i pomo\u017cemy wybra\u0107 najlepsze rozwi\u0105zanie dostosowane do Twoich potrzeb.<\/p>\n\n\n<div class=\"gb-container gb-container-1e45882a\">\n<div class=\"gb-button-wrapper gb-button-wrapper-72bee4fe\">\n\n<a class=\"gb-button gb-button-777bc906\" href=\"tel:+48881787687\"><span class=\"gb-icon\"><svg aria-hidden=\"true\" height=\"1em\" width=\"1em\" viewBox=\"0 0 512 512\" xmlns=\"http:\/\/www.w3.org\/2000\/svg\"><path fill=\"currentColor\" d=\"M493.4 24.6l-104-24c-11.3-2.6-22.9 3.3-27.5 13.9l-48 112c-4.2 9.8-1.4 21.3 6.9 28l60.6 49.6c-36 76.7-98.9 140.5-177.2 177.2l-49.6-60.6c-6.8-8.3-18.2-11.1-28-6.9l-112 48C3.9 366.5-2 378.1.6 389.4l24 104C27.1 504.2 36.7 512 48 512c256.1 0 464-207.5 464-464 0-11.2-7.7-20.9-18.6-23.4z\"><\/path><\/svg><\/span><span class=\"gb-button-text\">+48 881-787-687<\/span><\/a>\n\n\n\n<a class=\"gb-button gb-button-5d384419\" href=\"mailto:mackiewicz@mpplegal.pl\"><span class=\"gb-icon\"><svg aria-hidden=\"true\" height=\"1em\" width=\"1em\" viewBox=\"0 0 512 512\" xmlns=\"http:\/\/www.w3.org\/2000\/svg\"><path fill=\"currentColor\" d=\"M464 64H48C21.49 64 0 85.49 0 112v288c0 26.51 21.49 48 48 48h416c26.51 0 48-21.49 48-48V112c0-26.51-21.49-48-48-48zm0 48v40.805c-22.422 18.259-58.168 46.651-134.587 106.49-16.841 13.247-50.201 45.072-73.413 44.701-23.208.375-56.579-31.459-73.413-44.701C106.18 199.465 70.425 171.067 48 152.805V112h416zM48 400V214.398c22.914 18.251 55.409 43.862 104.938 82.646 21.857 17.205 60.134 55.186 103.062 54.955 42.717.231 80.509-37.199 103.053-54.947 49.528-38.783 82.032-64.401 104.947-82.653V400H48z\"><\/path><\/svg><\/span><span class=\"gb-button-text\">mackiewicz@mpplegal.pl<\/span><\/a>\n\n<\/div>\n\n<div class=\"gb-button-wrapper gb-button-wrapper-7e08cd5f\">\n\n<a class=\"gb-button gb-button-61e9e069\" href=\"https:\/\/www.linkedin.com\/in\/%C5%82ukasz-mackiewicz-08802799\/\" target=\"_blank\" rel=\"noopener noreferrer\"><span class=\"gb-icon\"><svg aria-hidden=\"true\" height=\"1em\" width=\"1em\" viewBox=\"0 0 448 512\" xmlns=\"http:\/\/www.w3.org\/2000\/svg\"><path fill=\"currentColor\" d=\"M100.28 448H7.4V148.9h92.88zM53.79 108.1C24.09 108.1 0 83.5 0 53.8a53.79 53.79 0 0 1 107.58 0c0 29.7-24.1 54.3-53.79 54.3zM447.9 448h-92.68V302.4c0-34.7-.7-79.2-48.29-79.2-48.29 0-55.69 37.7-55.69 76.7V448h-92.78V148.9h89.08v40.8h1.3c12.4-23.5 42.69-48.3 87.88-48.3 94 0 111.28 61.9 111.28 142.3V448z\"><\/path><\/svg><\/span><\/a>\n\n\n\n<a class=\"gb-button gb-button-cfc22761\" href=\"https:\/\/www.facebook.com\/szkoleniapzp\/?locale=pl_PL\" target=\"_blank\" rel=\"noopener noreferrer\"><span class=\"gb-icon\"><svg aria-hidden=\"true\" height=\"1em\" width=\"1em\" viewBox=\"0 0 320 512\" xmlns=\"http:\/\/www.w3.org\/2000\/svg\"><path fill=\"currentColor\" d=\"M279.14 288l14.22-92.66h-88.91v-60.13c0-25.35 12.42-50.06 52.24-50.06h40.42V6.26S260.43 0 225.36 0c-73.22 0-121.08 44.38-121.08 124.72v70.62H22.89V288h81.39v224h100.17V288z\"><\/path><\/svg><\/span><\/a>\n\n<\/div>\n<\/div>\n\n<div class=\"gb-container gb-container-61c74d07\">\n\n<p>Kancelaria Radcy Prawnego &#8211; \u0141ukasz Mackiewicz<br>Mickiewicza 3\/2<br>Olsztyn, 10-548<\/p>\n\n\n\n<iframe src=\"https:\/\/www.google.com\/maps\/embed?pb=!1m18!1m12!1m3!1d156.10738227949847!2d20.483963923687703!3d53.78002175582073!2m3!1f0!2f0!3f0!3m2!1i1024!2i768!4f13.1!3m3!1m2!1s0x46e27ed25e04cb9d%3A0x4ca961fc72503c58!2sAdama%20Mickiewicza%203%2F2%2C%2011-041%20Olsztyn!5e0!3m2!1spl!2spl!4v1733762270446!5m2!1spl!2spl\" class=\"map-google\" style=\"border:0;\" allowfullscreen=\"\" loading=\"lazy\" referrerpolicy=\"no-referrer-when-downgrade\"><\/iframe>\n\n<\/div>\n<\/div>\n\n<div class=\"gb-container gb-container-7cd4e4a0\">\n\n<div class=\"wp-block-contact-form-7-contact-form-selector contact-form-page\">\n<div class=\"wpcf7 no-js\" id=\"wpcf7-f4202-o1\" lang=\"pl-PL\" dir=\"ltr\" data-wpcf7-id=\"4202\">\n<div class=\"screen-reader-response\"><p role=\"status\" aria-live=\"polite\" aria-atomic=\"true\"><\/p> <ul><\/ul><\/div>\n<form action=\"\/index.php\/wp-json\/wp\/v2\/pages\/2081#wpcf7-f4202-o1\" method=\"post\" class=\"wpcf7-form init\" aria-label=\"Formularz kontaktowy\" novalidate=\"novalidate\" data-status=\"init\">\n<div style=\"display: none;\">\n<input type=\"hidden\" name=\"_wpcf7\" value=\"4202\" \/>\n<input type=\"hidden\" name=\"_wpcf7_version\" value=\"6.0.1\" \/>\n<input type=\"hidden\" name=\"_wpcf7_locale\" value=\"pl_PL\" \/>\n<input type=\"hidden\" name=\"_wpcf7_unit_tag\" value=\"wpcf7-f4202-o1\" \/>\n<input type=\"hidden\" name=\"_wpcf7_container_post\" value=\"0\" \/>\n<input type=\"hidden\" name=\"_wpcf7_posted_data_hash\" value=\"\" \/>\n<input type=\"hidden\" name=\"_wpcf7_recaptcha_response\" value=\"\" \/>\n<\/div>\n<p><label> Twoje imi\u0119 i nazwisko<br \/>\n<span class=\"wpcf7-form-control-wrap\" data-name=\"your-name\"><input size=\"40\" maxlength=\"400\" class=\"wpcf7-form-control wpcf7-text wpcf7-validates-as-required\" autocomplete=\"name\" aria-required=\"true\" aria-invalid=\"false\" value=\"\" type=\"text\" name=\"your-name\" \/><\/span> <\/label>\n<\/p>\n<p><label> Tw\u00f3j adres e-mail<br \/>\n<span class=\"wpcf7-form-control-wrap\" data-name=\"your-email\"><input size=\"40\" maxlength=\"400\" class=\"wpcf7-form-control wpcf7-email wpcf7-validates-as-required wpcf7-text wpcf7-validates-as-email\" autocomplete=\"email\" aria-required=\"true\" aria-invalid=\"false\" value=\"\" type=\"email\" name=\"your-email\" \/><\/span> <\/label>\n<\/p>\n<p><label> Temat<br \/>\n<span class=\"wpcf7-form-control-wrap\" data-name=\"your-subject\"><input size=\"40\" maxlength=\"400\" class=\"wpcf7-form-control wpcf7-text wpcf7-validates-as-required\" aria-required=\"true\" aria-invalid=\"false\" value=\"\" type=\"text\" name=\"your-subject\" \/><\/span> <\/label><br \/>\n<span id=\"wpcf7-69f74be5ed0f4-wrapper\" class=\"wpcf7-form-control-wrap temat-wrap\" ><label for=\"wpcf7-69f74be5ed0f4-field\" class=\"hp-message\">Please leave this field empty.<\/label><input id=\"wpcf7-69f74be5ed0f4-field\"  class=\"wpcf7-form-control wpcf7-text\" type=\"text\" name=\"temat\" value=\"\" size=\"40\" tabindex=\"-1\" autocomplete=\"new-password\" \/><\/span><br \/>\n<label> Twoja wiadomo\u015b\u0107<br \/>\n<span class=\"wpcf7-form-control-wrap\" data-name=\"your-message\"><textarea cols=\"40\" rows=\"10\" maxlength=\"2000\" class=\"wpcf7-form-control wpcf7-textarea\" aria-invalid=\"false\" name=\"your-message\"><\/textarea><\/span> <\/label><br \/>\n<span id=\"wpcf7-69f74be5ed25d-wrapper\" class=\"wpcf7-form-control-wrap email-wrap\" ><label for=\"wpcf7-69f74be5ed25d-field\" class=\"hp-message\">Please leave this field empty.<\/label><input id=\"wpcf7-69f74be5ed25d-field\"  class=\"wpcf7-form-control wpcf7-text\" type=\"text\" name=\"email\" value=\"\" size=\"40\" tabindex=\"-1\" autocomplete=\"new-password\" \/><\/span><br \/>\n<input class=\"wpcf7-form-control wpcf7-submit has-spinner\" type=\"submit\" value=\"Wy\u015blij\" \/>\n<\/p><div class=\"wpcf7-form-control-wrap maspik-field\">\n                <label for=\"full-name-maspik-hp\" class=\"wpcf7-form-control-label\">Leave this field empty<\/label>\n                <input size=\"1\" type=\"text\" autocomplete=\"off\" aria-hidden=\"true\" tabindex=\"-1\" name=\"full-name-maspik-hp\" id=\"full-name-maspik-hp\" class=\"wpcf7-form-control wpcf7-text\" placeholder=\"Leave this field empty\">\n            <\/div><div class=\"wpcf7-response-output\" aria-hidden=\"true\"><\/div>\n<\/form>\n<\/div>\n<\/div>\n\n<\/div>\n<\/div>\n\n\n<p><\/p>\n","protected":false},"excerpt":{"rendered":"<p>Skontaktuj si\u0119, a pomo\u017cemy Ci znale\u017a\u0107 najlepsze rozwi\u0105zanie! Zapraszamy do kontaktu \u2013 odpowiemy na Twoje pytania i pomo\u017cemy wybra\u0107 najlepsze rozwi\u0105zanie dostosowane do Twoich potrzeb. Kancelaria Radcy Prawnego &#8211; \u0141ukasz MackiewiczMickiewicza 3\/2Olsztyn, 10-548<\/p>\n","protected":false},"author":1,"featured_media":0,"parent":0,"menu_order":0,"comment_status":"closed","ping_status":"closed","template":"","meta":{"footnotes":""},"class_list":["post-2081","page","type-page","status-publish"],"yoast_head":"<!-- This site is optimized with the Yoast SEO plugin v24.5 - https:\/\/yoast.com\/wordpress\/plugins\/seo\/ -->\n<title>Kontakt - \u0141ukasz Mackiewicz<\/title>\n<meta name=\"description\" content=\"Masz pytania lub potrzebujesz wsparcia prawnego? Skontaktuj si\u0119 z Kancelari\u0105 Radcy Prawnego \u0141ukasza Mackiewicza i uzyskaj profesjonaln\u0105 pomoc w zakresie zam\u00f3wie\u0144 publicznych oraz innych us\u0142ug prawnych. Odpowiemy na Twoje pytania i pomo\u017cemy znale\u017a\u0107 najlepsze rozwi\u0105zanie dopasowane do Twoich potrzeb.\" \/>\n<meta name=\"robots\" content=\"index, follow, max-snippet:-1, max-image-preview:large, max-video-preview:-1\" \/>\n<link rel=\"canonical\" href=\"https:\/\/lukaszmackiewicz.pl\/index.php\/kontakt\/\" \/>\n<meta property=\"og:locale\" content=\"pl_PL\" \/>\n<meta property=\"og:type\" content=\"article\" \/>\n<meta property=\"og:title\" content=\"Kontakt - \u0141ukasz Mackiewicz\" \/>\n<meta property=\"og:description\" content=\"Masz pytania lub potrzebujesz wsparcia prawnego? Skontaktuj si\u0119 z Kancelari\u0105 Radcy Prawnego \u0141ukasza Mackiewicza i uzyskaj profesjonaln\u0105 pomoc w zakresie zam\u00f3wie\u0144 publicznych oraz innych us\u0142ug prawnych. Odpowiemy na Twoje pytania i pomo\u017cemy znale\u017a\u0107 najlepsze rozwi\u0105zanie dopasowane do Twoich potrzeb.\" \/>\n<meta property=\"og:url\" content=\"https:\/\/lukaszmackiewicz.pl\/index.php\/kontakt\/\" \/>\n<meta property=\"og:site_name\" content=\"\u0141ukasz Mackiewicz\" \/>\n<meta property=\"article:publisher\" content=\"https:\/\/www.facebook.com\/szkoleniapzp\/?locale=pl_PL\" \/>\n<meta property=\"article:modified_time\" content=\"2025-01-10T08:16:31+00:00\" \/>\n<meta name=\"twitter:card\" content=\"summary_large_image\" \/>\n<meta name=\"twitter:label1\" content=\"Szacowany czas czytania\" \/>\n\t<meta name=\"twitter:data1\" content=\"1 minuta\" \/>\n<script type=\"application\/ld+json\" class=\"yoast-schema-graph\">{\"@context\":\"https:\/\/schema.org\",\"@graph\":[{\"@type\":\"WebPage\",\"@id\":\"https:\/\/lukaszmackiewicz.pl\/index.php\/kontakt\/\",\"url\":\"https:\/\/lukaszmackiewicz.pl\/index.php\/kontakt\/\",\"name\":\"Kontakt - \u0141ukasz Mackiewicz\",\"isPartOf\":{\"@id\":\"https:\/\/lukaszmackiewicz.pl\/#website\"},\"datePublished\":\"2020-08-05T21:08:55+00:00\",\"dateModified\":\"2025-01-10T08:16:31+00:00\",\"description\":\"Masz pytania lub potrzebujesz wsparcia prawnego? Skontaktuj si\u0119 z Kancelari\u0105 Radcy Prawnego \u0141ukasza Mackiewicza i uzyskaj profesjonaln\u0105 pomoc w zakresie zam\u00f3wie\u0144 publicznych oraz innych us\u0142ug prawnych. Odpowiemy na Twoje pytania i pomo\u017cemy znale\u017a\u0107 najlepsze rozwi\u0105zanie dopasowane do Twoich potrzeb.\",\"breadcrumb\":{\"@id\":\"https:\/\/lukaszmackiewicz.pl\/index.php\/kontakt\/#breadcrumb\"},\"inLanguage\":\"pl-PL\",\"potentialAction\":[{\"@type\":\"ReadAction\",\"target\":[\"https:\/\/lukaszmackiewicz.pl\/index.php\/kontakt\/\"]}]},{\"@type\":\"BreadcrumbList\",\"@id\":\"https:\/\/lukaszmackiewicz.pl\/index.php\/kontakt\/#breadcrumb\",\"itemListElement\":[{\"@type\":\"ListItem\",\"position\":1,\"name\":\"Strona g\u0142\u00f3wna\",\"item\":\"https:\/\/lukaszmackiewicz.pl\/\"},{\"@type\":\"ListItem\",\"position\":2,\"name\":\"Kontakt\"}]},{\"@type\":\"WebSite\",\"@id\":\"https:\/\/lukaszmackiewicz.pl\/#website\",\"url\":\"https:\/\/lukaszmackiewicz.pl\/\",\"name\":\"\u0141ukasz Mackiewicz - Kancelaria Radcy Prawnego Olsztyn\",\"description\":\"\",\"publisher\":{\"@id\":\"https:\/\/lukaszmackiewicz.pl\/#organization\"},\"potentialAction\":[{\"@type\":\"SearchAction\",\"target\":{\"@type\":\"EntryPoint\",\"urlTemplate\":\"https:\/\/lukaszmackiewicz.pl\/?s={search_term_string}\"},\"query-input\":{\"@type\":\"PropertyValueSpecification\",\"valueRequired\":true,\"valueName\":\"search_term_string\"}}],\"inLanguage\":\"pl-PL\"},{\"@type\":\"Organization\",\"@id\":\"https:\/\/lukaszmackiewicz.pl\/#organization\",\"name\":\"\u0141ukasz Mackiewicz - Kancelaria Radcy Prawnego Olsztyn\",\"url\":\"https:\/\/lukaszmackiewicz.pl\/\",\"logo\":{\"@type\":\"ImageObject\",\"inLanguage\":\"pl-PL\",\"@id\":\"https:\/\/lukaszmackiewicz.pl\/#\/schema\/logo\/image\/\",\"url\":\"https:\/\/lukaszmackiewicz.pl\/wp-content\/uploads\/2024\/12\/cropped-mackiewicz_logo_indeks.png\",\"contentUrl\":\"https:\/\/lukaszmackiewicz.pl\/wp-content\/uploads\/2024\/12\/cropped-mackiewicz_logo_indeks.png\",\"width\":339,\"height\":262,\"caption\":\"\u0141ukasz Mackiewicz - Kancelaria Radcy Prawnego Olsztyn\"},\"image\":{\"@id\":\"https:\/\/lukaszmackiewicz.pl\/#\/schema\/logo\/image\/\"},\"sameAs\":[\"https:\/\/www.facebook.com\/szkoleniapzp\/?locale=pl_PL\"]}]}<\/script>\n<!-- \/ Yoast SEO plugin. -->","yoast_head_json":{"title":"Kontakt - \u0141ukasz Mackiewicz","description":"Masz pytania lub potrzebujesz wsparcia prawnego? Skontaktuj si\u0119 z Kancelari\u0105 Radcy Prawnego \u0141ukasza Mackiewicza i uzyskaj profesjonaln\u0105 pomoc w zakresie zam\u00f3wie\u0144 publicznych oraz innych us\u0142ug prawnych. Odpowiemy na Twoje pytania i pomo\u017cemy znale\u017a\u0107 najlepsze rozwi\u0105zanie dopasowane do Twoich potrzeb.","robots":{"index":"index","follow":"follow","max-snippet":"max-snippet:-1","max-image-preview":"max-image-preview:large","max-video-preview":"max-video-preview:-1"},"canonical":"https:\/\/lukaszmackiewicz.pl\/index.php\/kontakt\/","og_locale":"pl_PL","og_type":"article","og_title":"Kontakt - \u0141ukasz Mackiewicz","og_description":"Masz pytania lub potrzebujesz wsparcia prawnego? Skontaktuj si\u0119 z Kancelari\u0105 Radcy Prawnego \u0141ukasza Mackiewicza i uzyskaj profesjonaln\u0105 pomoc w zakresie zam\u00f3wie\u0144 publicznych oraz innych us\u0142ug prawnych. Odpowiemy na Twoje pytania i pomo\u017cemy znale\u017a\u0107 najlepsze rozwi\u0105zanie dopasowane do Twoich potrzeb.","og_url":"https:\/\/lukaszmackiewicz.pl\/index.php\/kontakt\/","og_site_name":"\u0141ukasz Mackiewicz","article_publisher":"https:\/\/www.facebook.com\/szkoleniapzp\/?locale=pl_PL","article_modified_time":"2025-01-10T08:16:31+00:00","twitter_card":"summary_large_image","twitter_misc":{"Szacowany czas czytania":"1 minuta"},"schema":{"@context":"https:\/\/schema.org","@graph":[{"@type":"WebPage","@id":"https:\/\/lukaszmackiewicz.pl\/index.php\/kontakt\/","url":"https:\/\/lukaszmackiewicz.pl\/index.php\/kontakt\/","name":"Kontakt - \u0141ukasz Mackiewicz","isPartOf":{"@id":"https:\/\/lukaszmackiewicz.pl\/#website"},"datePublished":"2020-08-05T21:08:55+00:00","dateModified":"2025-01-10T08:16:31+00:00","description":"Masz pytania lub potrzebujesz wsparcia prawnego? Skontaktuj si\u0119 z Kancelari\u0105 Radcy Prawnego \u0141ukasza Mackiewicza i uzyskaj profesjonaln\u0105 pomoc w zakresie zam\u00f3wie\u0144 publicznych oraz innych us\u0142ug prawnych. Odpowiemy na Twoje pytania i pomo\u017cemy znale\u017a\u0107 najlepsze rozwi\u0105zanie dopasowane do Twoich potrzeb.","breadcrumb":{"@id":"https:\/\/lukaszmackiewicz.pl\/index.php\/kontakt\/#breadcrumb"},"inLanguage":"pl-PL","potentialAction":[{"@type":"ReadAction","target":["https:\/\/lukaszmackiewicz.pl\/index.php\/kontakt\/"]}]},{"@type":"BreadcrumbList","@id":"https:\/\/lukaszmackiewicz.pl\/index.php\/kontakt\/#breadcrumb","itemListElement":[{"@type":"ListItem","position":1,"name":"Strona g\u0142\u00f3wna","item":"https:\/\/lukaszmackiewicz.pl\/"},{"@type":"ListItem","position":2,"name":"Kontakt"}]},{"@type":"WebSite","@id":"https:\/\/lukaszmackiewicz.pl\/#website","url":"https:\/\/lukaszmackiewicz.pl\/","name":"\u0141ukasz Mackiewicz - Kancelaria Radcy Prawnego Olsztyn","description":"","publisher":{"@id":"https:\/\/lukaszmackiewicz.pl\/#organization"},"potentialAction":[{"@type":"SearchAction","target":{"@type":"EntryPoint","urlTemplate":"https:\/\/lukaszmackiewicz.pl\/?s={search_term_string}"},"query-input":{"@type":"PropertyValueSpecification","valueRequired":true,"valueName":"search_term_string"}}],"inLanguage":"pl-PL"},{"@type":"Organization","@id":"https:\/\/lukaszmackiewicz.pl\/#organization","name":"\u0141ukasz Mackiewicz - Kancelaria Radcy Prawnego Olsztyn","url":"https:\/\/lukaszmackiewicz.pl\/","logo":{"@type":"ImageObject","inLanguage":"pl-PL","@id":"https:\/\/lukaszmackiewicz.pl\/#\/schema\/logo\/image\/","url":"https:\/\/lukaszmackiewicz.pl\/wp-content\/uploads\/2024\/12\/cropped-mackiewicz_logo_indeks.png","contentUrl":"https:\/\/lukaszmackiewicz.pl\/wp-content\/uploads\/2024\/12\/cropped-mackiewicz_logo_indeks.png","width":339,"height":262,"caption":"\u0141ukasz Mackiewicz - Kancelaria Radcy Prawnego Olsztyn"},"image":{"@id":"https:\/\/lukaszmackiewicz.pl\/#\/schema\/logo\/image\/"},"sameAs":["https:\/\/www.facebook.com\/szkoleniapzp\/?locale=pl_PL"]}]}},"_links":{"self":[{"href":"https:\/\/lukaszmackiewicz.pl\/index.php\/wp-json\/wp\/v2\/pages\/2081","targetHints":{"allow":["GET"]}}],"collection":[{"href":"https:\/\/lukaszmackiewicz.pl\/index.php\/wp-json\/wp\/v2\/pages"}],"about":[{"href":"https:\/\/lukaszmackiewicz.pl\/index.php\/wp-json\/wp\/v2\/types\/page"}],"author":[{"embeddable":true,"href":"https:\/\/lukaszmackiewicz.pl\/index.php\/wp-json\/wp\/v2\/users\/1"}],"replies":[{"embeddable":true,"href":"https:\/\/lukaszmackiewicz.pl\/index.php\/wp-json\/wp\/v2\/comments?post=2081"}],"version-history":[{"count":28,"href":"https:\/\/lukaszmackiewicz.pl\/index.php\/wp-json\/wp\/v2\/pages\/2081\/revisions"}],"predecessor-version":[{"id":4358,"href":"https:\/\/lukaszmackiewicz.pl\/index.php\/wp-json\/wp\/v2\/pages\/2081\/revisions\/4358"}],"wp:attachment":[{"href":"https:\/\/lukaszmackiewicz.pl\/index.php\/wp-json\/wp\/v2\/media?parent=2081"}],"curies":[{"name":"wp","href":"https:\/\/api.w.org\/{rel}","templated":true}]}}